{"id":130,"date":"2026-04-11T03:25:55","date_gmt":"2026-04-11T03:25:55","guid":{"rendered":"https:\/\/aburcai.cl\/?page_id=130"},"modified":"2026-04-11T03:43:23","modified_gmt":"2026-04-11T03:43:23","slug":"quienes-somos","status":"publish","type":"page","link":"https:\/\/aburcai.cl\/?page_id=130","title":{"rendered":"Quienes Somos"},"content":{"rendered":"\n<div class=\"wp-block-media-text is-stacked-on-mobile\" style=\"grid-template-columns:28% auto\"><figure class=\"wp-block-media-text__media\"><img loading=\"lazy\" decoding=\"async\" width=\"407\" height=\"418\" src=\"https:\/\/aburcai.cl\/wp-content\/uploads\/2026\/04\/Logo-moderno-con-simbolo-estilizado-1.png\" alt=\"\" class=\"wp-image-52 size-full\" srcset=\"https:\/\/aburcai.cl\/wp-content\/uploads\/2026\/04\/Logo-moderno-con-simbolo-estilizado-1.png 407w, https:\/\/aburcai.cl\/wp-content\/uploads\/2026\/04\/Logo-moderno-con-simbolo-estilizado-1-292x300.png 292w\" sizes=\"auto, (max-width: 407px) 100vw, 407px\" \/><\/figure><div class=\"wp-block-media-text__content\">\n<p>En Aburcai, contamos con m\u00e1s de 10 a\u00f1os de experiencia entregando soluciones integrales en la comercializaci\u00f3n de equipos para los sectores industrial y minero. A lo largo de nuestra trayectoria, nos hemos consolidado como un socio estrat\u00e9gico para empresas que buscan eficiencia, confiabilidad y alto desempe\u00f1o en sus operaciones.<\/p>\n\n\n\n<p>Nos especializamos en la provisi\u00f3n de equipos de alta calidad, seleccionados bajo estrictos est\u00e1ndares t\u00e9cnicos, que responden a las exigencias de entornos productivos complejos. Nuestro compromiso es acompa\u00f1ar a nuestros clientes en cada etapa, ofreciendo asesor\u00eda experta, soporte continuo y soluciones adaptadas a sus necesidades espec\u00edficas.<\/p>\n\n\n\n<p>En Aburcai, entendemos los desaf\u00edos de la industria y la miner\u00eda, por lo que trabajamos con un enfoque orientado a la productividad, la seguridad y la optimizaci\u00f3n de recursos. Nuestro equipo combina experiencia t\u00e9cnica y conocimiento del mercado para garantizar resultados que agreguen valor real a cada proyecto.<\/p>\n\n\n\n<p>Creemos en relaciones de largo plazo basadas en la confianza, la transparencia y el cumplimiento, posicion\u00e1ndonos como un aliado confiable en el desarrollo y crecimiento de nuestros clientes.<\/p>\n<\/div><\/div>\n","protected":false},"excerpt":{"rendered":"<p>En Aburcai, contamos con m\u00e1s de 10 a\u00f1os de experiencia entregando soluciones integrales en la comercializaci\u00f3n de equipos para los sectores industrial y minero. A lo largo de nuestra trayectoria, nos hemos consolidado como un socio estrat\u00e9gico para empresas que buscan eficiencia, confiabilidad y alto desempe\u00f1o en sus operaciones. Nos especializamos en la provisi\u00f3n de [&hellip;]<\/p>\n","protected":false},"author":1,"featured_media":0,"parent":0,"menu_order":0,"comment_status":"closed","ping_status":"closed","template":"","meta":{"footnotes":""},"class_list":["post-130","page","type-page","status-publish","hentry"],"_links":{"self":[{"href":"https:\/\/aburcai.cl\/index.php?rest_route=\/wp\/v2\/pages\/130","targetHints":{"allow":["GET"]}}],"collection":[{"href":"https:\/\/aburcai.cl\/index.php?rest_route=\/wp\/v2\/pages"}],"about":[{"href":"https:\/\/aburcai.cl\/index.php?rest_route=\/wp\/v2\/types\/page"}],"author":[{"embeddable":true,"href":"https:\/\/aburcai.cl\/index.php?rest_route=\/wp\/v2\/users\/1"}],"replies":[{"embeddable":true,"href":"https:\/\/aburcai.cl\/index.php?rest_route=%2Fwp%2Fv2%2Fcomments&post=130"}],"version-history":[{"count":2,"href":"https:\/\/aburcai.cl\/index.php?rest_route=\/wp\/v2\/pages\/130\/revisions"}],"predecessor-version":[{"id":141,"href":"https:\/\/aburcai.cl\/index.php?rest_route=\/wp\/v2\/pages\/130\/revisions\/141"}],"wp:attachment":[{"href":"https:\/\/aburcai.cl\/index.php?rest_route=%2Fwp%2Fv2%2Fmedia&parent=130"}],"curies":[{"name":"wp","href":"https:\/\/api.w.org\/{rel}","templated":true}]}}